{"id":980,"date":"2021-10-26T15:36:01","date_gmt":"2021-10-26T13:36:01","guid":{"rendered":"https:\/\/tpim.fr\/credits\/"},"modified":"2022-01-16T11:45:18","modified_gmt":"2022-01-16T10:45:18","slug":"credits","status":"publish","type":"page","link":"https:\/\/tpim.fr\/de\/credits\/","title":{"rendered":"Cr\u00e9dits"},"content":{"rendered":"<p>[et_pb_section fb_built=&#8220;1&#8243; fullwidth=&#8220;on&#8220; _builder_version=&#8220;4.11.4&#8243; _module_preset=&#8220;default&#8220; locked=&#8220;on&#8220; global_colors_info=&#8220;{}&#8220; collapsed=&#8220;on&#8220;][et_pb_fullwidth_header title=&#8220;Copyright &#8220; _builder_version=&#8220;4.11.4&#8243; _module_preset=&#8220;default&#8220; title_font=&#8220;|800||on|||||&#8220; title_text_align=&#8220;center&#8220; title_text_color=&#8220;#FFFFFF&#8220; title_font_size=&#8220;36px&#8220; subhead_font=&#8220;|800||on|||||&#8220; subhead_text_align=&#8220;center&#8220; subhead_font_size=&#8220;36px&#8220; background_image=&#8220;https:\/\/tpim.fr\/wp-content\/uploads\/2021\/10\/bg-titres.jpg&#8220; background_size=&#8220;initial&#8220; background_position=&#8220;top_center&#8220; global_colors_info=&#8220;{}&#8220;][\/et_pb_fullwidth_header][\/et_pb_section][et_pb_section fb_built=&#8220;1&#8243; _builder_version=&#8220;4.11.4&#8243; _module_preset=&#8220;default&#8220; background_color=&#8220;RGBA(0,0,0,0)&#8220; background_enable_image=&#8220;off&#8220; background_size=&#8220;initial&#8220; background_position=&#8220;bottom_right&#8220; custom_margin=&#8220;||||false|false&#8220; custom_padding=&#8220;0px||50px||false|false&#8220; global_colors_info=&#8220;{}&#8220;][et_pb_row _builder_version=&#8220;4.11.4&#8243; _module_preset=&#8220;default&#8220; global_colors_info=&#8220;{}&#8220;][et_pb_column type=&#8220;4_4&#8243; _builder_version=&#8220;4.11.4&#8243; _module_preset=&#8220;default&#8220; global_colors_info=&#8220;{}&#8220;][et_pb_text _builder_version=&#8220;4.13.1&#8243; _module_preset=&#8220;default&#8220; text_font=&#8220;||||||||&#8220; text_text_color=&#8220;#493E40&#8243; text_font_size=&#8220;21px&#8220; custom_padding=&#8220;20px||||false|false&#8220; global_colors_info=&#8220;{}&#8220;]<\/p>\n<p><strong>Gestaltung der Website<br \/><\/strong>Interfacedesign:<span>\u00a0<\/span><a href=\"http:\/\/kubilai.fr\/\">Kubila\u00ef<\/a><br \/>Integration: <a href=\"http:\/\/celina-delatouche.fr\/\" target=\"_blank\" rel=\"noopener\">C\u00e9lina Delatouche<\/a><\/p>\n<p>&nbsp;<\/p>\n<div class=\"entry-content\">\n<p><strong>Bildnachweise<br \/><\/strong>Phototh\u00e8que DALKIA \/ Rodolphe Escher<br \/>Cath le Fur.<\/p>\n<\/div>\n<p>[\/et_pb_text][\/et_pb_column][\/et_pb_row][\/et_pb_section][et_pb_section fb_built=&#8220;1&#8243; admin_label=&#8220;Footer btn contact&#8220; _builder_version=&#8220;4.13.1&#8243; _module_preset=&#8220;default&#8220; background_image=&#8220;https:\/\/tpim.fr\/wp-content\/uploads\/2021\/10\/semis-tpim.png&#8220; background_size=&#8220;initial&#8220; background_position=&#8220;top_center&#8220; height=&#8220;148px&#8220; global_module=&#8220;916&#8243; saved_tabs=&#8220;all&#8220; global_colors_info=&#8220;{}&#8220; collapsed=&#8220;on&#8220;][et_pb_row custom_padding_last_edited=&#8220;on|phone&#8220; _builder_version=&#8220;4.11.4&#8243; _module_preset=&#8220;default&#8220; custom_padding_tablet=&#8220;0px||||false|false&#8220; custom_padding_phone=&#8220;&#8220; global_colors_info=&#8220;{}&#8220;][et_pb_column type=&#8220;4_4&#8243; _builder_version=&#8220;4.11.4&#8243; _module_preset=&#8220;default&#8220; global_colors_info=&#8220;{}&#8220;][et_pb_button button_url=&#8220;https:\/\/tpim.fr\/de\/kontakt\/&#8220; button_text=&#8220;Kontakt aufnehmen&#8220; button_alignment=&#8220;center&#8220; _builder_version=&#8220;4.13.0&#8243; _module_preset=&#8220;default&#8220; custom_margin=&#8220;2%||2%||true|false&#8220; custom_margin_tablet=&#8220;-1%||-1%||true|false&#8220; custom_margin_phone=&#8220;-2%||-2%||true|false&#8220; custom_margin_last_edited=&#8220;on|tablet&#8220; custom_padding=&#8220;2px|14px|2px|14px|true|true&#8220; global_colors_info=&#8220;{}&#8220;][\/et_pb_button][\/et_pb_column][\/et_pb_row][\/et_pb_section][et_pb_section fb_built=&#8220;1&#8243; admin_label=&#8220;Footer&#8220; _builder_version=&#8220;4.11.4&#8243; _module_preset=&#8220;default&#8220; background_enable_image=&#8220;off&#8220; background_size=&#8220;initial&#8220; background_position=&#8220;top_center&#8220; custom_padding=&#8220;||||false|false&#8220; global_module=&#8220;995&#8243; saved_tabs=&#8220;all&#8220; global_colors_info=&#8220;{}&#8220; collapsed=&#8220;on&#8220;][et_pb_row column_structure=&#8220;3_4,1_4&#8243; disabled_on=&#8220;on|on|off&#8220; admin_label=&#8220;Desktop&#8220; _builder_version=&#8220;4.11.4&#8243; _module_preset=&#8220;default&#8220; background_color=&#8220;#FFFFFF&#8220; width=&#8220;100%&#8220; collapsed=&#8220;on&#8220; global_colors_info=&#8220;{}&#8220;][et_pb_column type=&#8220;3_4&#8243; _builder_version=&#8220;4.11.4&#8243; _module_preset=&#8220;default&#8220; global_colors_info=&#8220;{}&#8220;][et_pb_menu menu_id=&#8220;8&#8243; active_link_color=&#8220;#4057D7&#8243; admin_label=&#8220;menu desktop&#8220; _builder_version=&#8220;4.13.0&#8243; _module_preset=&#8220;default&#8220; menu_font=&#8220;|600|||||||&#8220; menu_text_color=&#8220;#BCBEC0&#8243; global_colors_info=&#8220;{}&#8220;][\/et_pb_menu][\/et_pb_column][et_pb_column type=&#8220;1_4&#8243; _builder_version=&#8220;4.11.4&#8243; _module_preset=&#8220;default&#8220; global_colors_info=&#8220;{}&#8220;][et_pb_text admin_label=&#8220;LinkedIn&#8220; module_class=&#8220;restons&#8220; _builder_version=&#8220;4.13.0&#8243; _module_preset=&#8220;default&#8220; text_font=&#8220;|800|||||||&#8220; text_text_color=&#8220;#4057D7&#8243; text_font_size=&#8220;18px&#8220; link_option_url=&#8220;https:\/\/www.linkedin.com\/in\/tetra-partners-bruno-ratet&#8220; link_option_url_new_window=&#8220;on&#8220; global_colors_info=&#8220;{}&#8220;]<\/p>\n<p>Bleiben Sie in Verbindung <img loading=\"lazy\" decoding=\"async\" class=\"wp-image-238 alignnone size-full\" src=\"https:\/\/tpim.fr\/wp-content\/uploads\/2021\/10\/logo-linkedIn.png\" alt=\"\" width=\"27\" height=\"27\" \/><\/p>\n<p>[\/et_pb_text][\/et_pb_column][\/et_pb_row][et_pb_row column_structure=&#8220;1_3,1_3,1_3&#8243; disabled_on=&#8220;off|off|on&#8220; admin_label=&#8220;tablette \/ smartphone&#8220; _builder_version=&#8220;4.11.4&#8243; _module_preset=&#8220;default&#8220; custom_margin=&#8220;||||false|false&#8220; custom_padding=&#8220;0px||0px||false|false&#8220; collapsed=&#8220;on&#8220; global_colors_info=&#8220;{}&#8220;][et_pb_column type=&#8220;1_3&#8243; _builder_version=&#8220;4.11.4&#8243; _module_preset=&#8220;default&#8220; global_colors_info=&#8220;{}&#8220;][\/et_pb_column][et_pb_column type=&#8220;1_3&#8243; _builder_version=&#8220;4.11.4&#8243; _module_preset=&#8220;default&#8220; global_colors_info=&#8220;{}&#8220;][et_pb_text admin_label=&#8220;menu tablette \/ smartphone&#8220; _builder_version=&#8220;4.13.1&#8243; _module_preset=&#8220;default&#8220; text_font=&#8220;|600|||||||&#8220; text_text_color=&#8220;#BCBEC0&#8243; text_font_size=&#8220;14px&#8220; link_text_color=&#8220;#BCBEC0&#8243; global_colors_info=&#8220;{}&#8220;]<\/p>\n<p style=\"text-align: center;\">\u00a92021 Tetra Partners<\/p>\n<p style=\"text-align: center;\"><a href=\"https:\/\/tpim.fr\/de\/credits\/\">Copyright<\/a><\/p>\n<p style=\"text-align: center;\"><a href=\"https:\/\/tpim.fr\/de\/impressum\/\">Impressum<\/a><\/p>\n<p style=\"text-align: center;\"><a href=\"https:\/\/tpim.fr\/de\/datenschutzrichtlinie\/\">Datenschutzrichtlinie<\/a><\/p>\n<p>[\/et_pb_text][et_pb_text admin_label=&#8220;LinkedIn&#8220; module_class=&#8220;restons&#8220; _builder_version=&#8220;4.13.0&#8243; _module_preset=&#8220;default&#8220; text_font=&#8220;|800|||||||&#8220; text_text_color=&#8220;#4057D7&#8243; text_font_size=&#8220;18px&#8220; link_option_url=&#8220;https:\/\/www.linkedin.com\/in\/tetra-partners-bruno-ratet&#8220; link_option_url_new_window=&#8220;on&#8220; global_colors_info=&#8220;{}&#8220;]<\/p>\n<p style=\"text-align: center;\">Bleiben Sie in Verbindung <img loading=\"lazy\" decoding=\"async\" class=\"wp-image-238 alignnone size-full\" src=\"https:\/\/tpim.fr\/wp-content\/uploads\/2021\/10\/logo-linkedIn.png\" alt=\"\" width=\"27\" height=\"27\" \/><\/p>\n<p>[\/et_pb_text][\/et_pb_column][et_pb_column type=&#8220;1_3&#8243; _builder_version=&#8220;4.11.4&#8243; _module_preset=&#8220;default&#8220; global_colors_info=&#8220;{}&#8220;][\/et_pb_column][\/et_pb_row][\/et_pb_section]<\/p>\n","protected":false},"excerpt":{"rendered":"<p>Gestaltung der WebsiteInterfacedesign:\u00a0Kubila\u00efIntegration: C\u00e9lina Delatouche &nbsp; BildnachweisePhototh\u00e8que DALKIA \/ Rodolphe EscherCath le Fur. Bleiben Sie in Verbindung \u00a92021 Tetra Partners Copyright Impressum DatenschutzrichtlinieBleiben Sie in Verbindung<\/p>\n","protected":false},"author":1,"featured_media":0,"parent":0,"menu_order":0,"comment_status":"closed","ping_status":"closed","template":"","meta":{"_et_pb_use_builder":"on","_et_pb_old_content":"","_et_gb_content_width":"","footnotes":""},"class_list":["post-980","page","type-page","status-publish","hentry"],"yoast_head":"<!-- This site is optimized with the Yoast SEO plugin v25.9 - https:\/\/yoast.com\/wordpress\/plugins\/seo\/ -->\n<title>Cr\u00e9dits &#8226; Tetra Partners<\/title>\n<meta name=\"robots\" content=\"index, follow, max-snippet:-1, max-image-preview:large, max-video-preview:-1\" \/>\n<link rel=\"canonical\" href=\"https:\/\/tpim.fr\/de\/credits\/\" \/>\n<meta property=\"og:locale\" content=\"de_DE\" \/>\n<meta property=\"og:type\" content=\"article\" \/>\n<meta property=\"og:title\" content=\"Cr\u00e9dits &#8226; Tetra Partners\" \/>\n<meta property=\"og:description\" content=\"Gestaltung der WebsiteInterfacedesign:\u00a0Kubila\u00efIntegration: C\u00e9lina Delatouche &nbsp; BildnachweisePhototh\u00e8que DALKIA \/ Rodolphe EscherCath le Fur. Bleiben Sie in Verbindung \u00a92021 Tetra Partners Copyright Impressum DatenschutzrichtlinieBleiben Sie in Verbindung\" \/>\n<meta property=\"og:url\" content=\"https:\/\/tpim.fr\/de\/credits\/\" \/>\n<meta property=\"og:site_name\" content=\"Tetra Partners\" \/>\n<meta property=\"article:modified_time\" content=\"2022-01-16T10:45:18+00:00\" \/>\n<meta property=\"og:image\" content=\"https:\/\/tpim.fr\/wp-content\/uploads\/2021\/10\/logo-linkedIn.png\" \/>\n<meta name=\"twitter:card\" content=\"summary_large_image\" \/>\n<meta name=\"twitter:label1\" content=\"Gesch\u00e4tzte Lesezeit\" \/>\n\t<meta name=\"twitter:data1\" content=\"3\u00a0Minuten\" \/>\n<script type=\"application\/ld+json\" class=\"yoast-schema-graph\">{\"@context\":\"https:\/\/schema.org\",\"@graph\":[{\"@type\":\"WebPage\",\"@id\":\"https:\/\/tpim.fr\/de\/credits\/\",\"url\":\"https:\/\/tpim.fr\/de\/credits\/\",\"name\":\"Cr\u00e9dits &#8226; Tetra Partners\",\"isPartOf\":{\"@id\":\"https:\/\/tpim.fr\/de\/#website\"},\"primaryImageOfPage\":{\"@id\":\"https:\/\/tpim.fr\/de\/credits\/#primaryimage\"},\"image\":{\"@id\":\"https:\/\/tpim.fr\/de\/credits\/#primaryimage\"},\"thumbnailUrl\":\"https:\/\/tpim.fr\/wp-content\/uploads\/2021\/10\/logo-linkedIn.png\",\"datePublished\":\"2021-10-26T13:36:01+00:00\",\"dateModified\":\"2022-01-16T10:45:18+00:00\",\"breadcrumb\":{\"@id\":\"https:\/\/tpim.fr\/de\/credits\/#breadcrumb\"},\"inLanguage\":\"de\",\"potentialAction\":[{\"@type\":\"ReadAction\",\"target\":[\"https:\/\/tpim.fr\/de\/credits\/\"]}]},{\"@type\":\"ImageObject\",\"inLanguage\":\"de\",\"@id\":\"https:\/\/tpim.fr\/de\/credits\/#primaryimage\",\"url\":\"https:\/\/tpim.fr\/wp-content\/uploads\/2021\/10\/logo-linkedIn.png\",\"contentUrl\":\"https:\/\/tpim.fr\/wp-content\/uploads\/2021\/10\/logo-linkedIn.png\"},{\"@type\":\"BreadcrumbList\",\"@id\":\"https:\/\/tpim.fr\/de\/credits\/#breadcrumb\",\"itemListElement\":[{\"@type\":\"ListItem\",\"position\":1,\"name\":\"Accueil\",\"item\":\"https:\/\/tpim.fr\/de\/\"},{\"@type\":\"ListItem\",\"position\":2,\"name\":\"Cr\u00e9dits\"}]},{\"@type\":\"WebSite\",\"@id\":\"https:\/\/tpim.fr\/de\/#website\",\"url\":\"https:\/\/tpim.fr\/de\/\",\"name\":\"Tetra Partners\",\"description\":\"\",\"publisher\":{\"@id\":\"https:\/\/tpim.fr\/de\/#organization\"},\"potentialAction\":[{\"@type\":\"SearchAction\",\"target\":{\"@type\":\"EntryPoint\",\"urlTemplate\":\"https:\/\/tpim.fr\/de\/?s={search_term_string}\"},\"query-input\":{\"@type\":\"PropertyValueSpecification\",\"valueRequired\":true,\"valueName\":\"search_term_string\"}}],\"inLanguage\":\"de\"},{\"@type\":\"Organization\",\"@id\":\"https:\/\/tpim.fr\/de\/#organization\",\"name\":\"Tetra Partners\",\"url\":\"https:\/\/tpim.fr\/de\/\",\"logo\":{\"@type\":\"ImageObject\",\"inLanguage\":\"de\",\"@id\":\"https:\/\/tpim.fr\/de\/#\/schema\/logo\/image\/\",\"url\":\"https:\/\/tpim.fr\/wp-content\/uploads\/2021\/10\/logo-Tetra-Partners-Infrastructures-Management.png\",\"contentUrl\":\"https:\/\/tpim.fr\/wp-content\/uploads\/2021\/10\/logo-Tetra-Partners-Infrastructures-Management.png\",\"width\":209,\"height\":86,\"caption\":\"Tetra Partners\"},\"image\":{\"@id\":\"https:\/\/tpim.fr\/de\/#\/schema\/logo\/image\/\"}}]}<\/script>\n<!-- \/ Yoast SEO plugin. -->","yoast_head_json":{"title":"Cr\u00e9dits &#8226; Tetra Partners","robots":{"index":"index","follow":"follow","max-snippet":"max-snippet:-1","max-image-preview":"max-image-preview:large","max-video-preview":"max-video-preview:-1"},"canonical":"https:\/\/tpim.fr\/de\/credits\/","og_locale":"de_DE","og_type":"article","og_title":"Cr\u00e9dits &#8226; Tetra Partners","og_description":"Gestaltung der WebsiteInterfacedesign:\u00a0Kubila\u00efIntegration: C\u00e9lina Delatouche &nbsp; BildnachweisePhototh\u00e8que DALKIA \/ Rodolphe EscherCath le Fur. Bleiben Sie in Verbindung \u00a92021 Tetra Partners Copyright Impressum DatenschutzrichtlinieBleiben Sie in Verbindung","og_url":"https:\/\/tpim.fr\/de\/credits\/","og_site_name":"Tetra Partners","article_modified_time":"2022-01-16T10:45:18+00:00","og_image":[{"url":"https:\/\/tpim.fr\/wp-content\/uploads\/2021\/10\/logo-linkedIn.png","type":"","width":"","height":""}],"twitter_card":"summary_large_image","twitter_misc":{"Gesch\u00e4tzte Lesezeit":"3\u00a0Minuten"},"schema":{"@context":"https:\/\/schema.org","@graph":[{"@type":"WebPage","@id":"https:\/\/tpim.fr\/de\/credits\/","url":"https:\/\/tpim.fr\/de\/credits\/","name":"Cr\u00e9dits &#8226; Tetra Partners","isPartOf":{"@id":"https:\/\/tpim.fr\/de\/#website"},"primaryImageOfPage":{"@id":"https:\/\/tpim.fr\/de\/credits\/#primaryimage"},"image":{"@id":"https:\/\/tpim.fr\/de\/credits\/#primaryimage"},"thumbnailUrl":"https:\/\/tpim.fr\/wp-content\/uploads\/2021\/10\/logo-linkedIn.png","datePublished":"2021-10-26T13:36:01+00:00","dateModified":"2022-01-16T10:45:18+00:00","breadcrumb":{"@id":"https:\/\/tpim.fr\/de\/credits\/#breadcrumb"},"inLanguage":"de","potentialAction":[{"@type":"ReadAction","target":["https:\/\/tpim.fr\/de\/credits\/"]}]},{"@type":"ImageObject","inLanguage":"de","@id":"https:\/\/tpim.fr\/de\/credits\/#primaryimage","url":"https:\/\/tpim.fr\/wp-content\/uploads\/2021\/10\/logo-linkedIn.png","contentUrl":"https:\/\/tpim.fr\/wp-content\/uploads\/2021\/10\/logo-linkedIn.png"},{"@type":"BreadcrumbList","@id":"https:\/\/tpim.fr\/de\/credits\/#breadcrumb","itemListElement":[{"@type":"ListItem","position":1,"name":"Accueil","item":"https:\/\/tpim.fr\/de\/"},{"@type":"ListItem","position":2,"name":"Cr\u00e9dits"}]},{"@type":"WebSite","@id":"https:\/\/tpim.fr\/de\/#website","url":"https:\/\/tpim.fr\/de\/","name":"Tetra Partners","description":"","publisher":{"@id":"https:\/\/tpim.fr\/de\/#organization"},"potentialAction":[{"@type":"SearchAction","target":{"@type":"EntryPoint","urlTemplate":"https:\/\/tpim.fr\/de\/?s={search_term_string}"},"query-input":{"@type":"PropertyValueSpecification","valueRequired":true,"valueName":"search_term_string"}}],"inLanguage":"de"},{"@type":"Organization","@id":"https:\/\/tpim.fr\/de\/#organization","name":"Tetra Partners","url":"https:\/\/tpim.fr\/de\/","logo":{"@type":"ImageObject","inLanguage":"de","@id":"https:\/\/tpim.fr\/de\/#\/schema\/logo\/image\/","url":"https:\/\/tpim.fr\/wp-content\/uploads\/2021\/10\/logo-Tetra-Partners-Infrastructures-Management.png","contentUrl":"https:\/\/tpim.fr\/wp-content\/uploads\/2021\/10\/logo-Tetra-Partners-Infrastructures-Management.png","width":209,"height":86,"caption":"Tetra Partners"},"image":{"@id":"https:\/\/tpim.fr\/de\/#\/schema\/logo\/image\/"}}]}},"_links":{"self":[{"href":"https:\/\/tpim.fr\/de\/wp-json\/wp\/v2\/pages\/980","targetHints":{"allow":["GET"]}}],"collection":[{"href":"https:\/\/tpim.fr\/de\/wp-json\/wp\/v2\/pages"}],"about":[{"href":"https:\/\/tpim.fr\/de\/wp-json\/wp\/v2\/types\/page"}],"author":[{"embeddable":true,"href":"https:\/\/tpim.fr\/de\/wp-json\/wp\/v2\/users\/1"}],"replies":[{"embeddable":true,"href":"https:\/\/tpim.fr\/de\/wp-json\/wp\/v2\/comments?post=980"}],"version-history":[{"count":6,"href":"https:\/\/tpim.fr\/de\/wp-json\/wp\/v2\/pages\/980\/revisions"}],"predecessor-version":[{"id":1413,"href":"https:\/\/tpim.fr\/de\/wp-json\/wp\/v2\/pages\/980\/revisions\/1413"}],"wp:attachment":[{"href":"https:\/\/tpim.fr\/de\/wp-json\/wp\/v2\/media?parent=980"}],"curies":[{"name":"wp","href":"https:\/\/api.w.org\/{rel}","templated":true}]}}