{"id":983,"date":"2021-10-26T15:09:53","date_gmt":"2021-10-26T13:09:53","guid":{"rendered":"https:\/\/tpim.fr\/mentions-legales\/"},"modified":"2022-01-14T08:58:20","modified_gmt":"2022-01-14T07:58:20","slug":"impressum","status":"publish","type":"page","link":"https:\/\/tpim.fr\/de\/impressum\/","title":{"rendered":"Impressum"},"content":{"rendered":"<p>[et_pb_section fb_built=&#8220;1&#8243; fullwidth=&#8220;on&#8220; _builder_version=&#8220;4.11.4&#8243; _module_preset=&#8220;default&#8220; locked=&#8220;on&#8220; collapsed=&#8220;on&#8220; global_colors_info=&#8220;{}&#8220;][et_pb_fullwidth_header title=&#8220;Impressum&#8220; _builder_version=&#8220;4.13.1&#8243; _module_preset=&#8220;default&#8220; title_font=&#8220;|800||on|||||&#8220; title_text_align=&#8220;center&#8220; title_text_color=&#8220;#FFFFFF&#8220; title_font_size=&#8220;36px&#8220; subhead_font=&#8220;|800||on|||||&#8220; subhead_text_align=&#8220;center&#8220; subhead_font_size=&#8220;36px&#8220; background_image=&#8220;https:\/\/tpim.fr\/wp-content\/uploads\/2021\/10\/bg-titres.jpg&#8220; background_size=&#8220;initial&#8220; background_position=&#8220;top_center&#8220; global_colors_info=&#8220;{}&#8220;][\/et_pb_fullwidth_header][\/et_pb_section][et_pb_section fb_built=&#8220;1&#8243; _builder_version=&#8220;4.11.4&#8243; _module_preset=&#8220;default&#8220; background_color=&#8220;RGBA(0,0,0,0)&#8220; background_enable_image=&#8220;off&#8220; background_size=&#8220;initial&#8220; background_position=&#8220;bottom_right&#8220; custom_margin=&#8220;||||false|false&#8220; custom_padding=&#8220;0px||50px||false|false&#8220; global_colors_info=&#8220;{}&#8220;][et_pb_row _builder_version=&#8220;4.11.4&#8243; _module_preset=&#8220;default&#8220; global_colors_info=&#8220;{}&#8220;][et_pb_column type=&#8220;4_4&#8243; _builder_version=&#8220;4.11.4&#8243; _module_preset=&#8220;default&#8220; global_colors_info=&#8220;{}&#8220;][et_pb_text _builder_version=&#8220;4.13.1&#8243; _module_preset=&#8220;default&#8220; text_font=&#8220;||||||||&#8220; text_text_color=&#8220;#493E40&#8243; text_font_size=&#8220;21px&#8220; custom_padding=&#8220;20px||||false|false&#8220; global_colors_info=&#8220;{}&#8220;]<\/p>\n<p><b>Tetra Partners<br \/><\/b><span>25 B rue Charentais<br \/>37320 Truyes<br \/>Frankreich<\/span><span><\/span><\/p>\n<p>E-mail : tpim@tpim.fr<span><\/span><\/p>\n<p><span>Tel.: +332 47 43 38 47<\/span><\/p>\n<p><strong>Herausgeber:<\/strong> Bruno Ratet<\/p>\n<p>&nbsp;<\/p>\n<p><span>SARL (GmbH) mit einem Kapital von 100.000 \u20ac<br \/><\/span><span>HREG 489\u00a0037\u00a0242<br \/><\/span><span>UST.-IDNR FR 27\u00a0489\u00a0037\u00a0242<\/span><\/p>\n<p>&nbsp;<\/p>\n<p><strong>GEISTIGES EIGENTUM &amp; URHEBERRECHTE<br \/><\/strong><span>Der Inhalt dieser Website ist in Frankreich nach dem franz\u00f6sischen Gesetz \u00fcber geistiges Eigentum und im Ausland durch das g\u00fcltige internationale Abkommen \u00fcber Urheberrechte gesch\u00fctzt.<\/span><\/p>\n<p><span>Jegliche Wiedergabe dieser Website oder einer bzw. mehrerer ihrer Bestandteile, auch auszugsweise und in welcher Form auch immer, ohne ausdr\u00fcckliche Genehmigung des Erstellers ist untersagt und w\u00fcrde als Nachahmung betrachtet, die nach den Artikeln L335-2 ff. des franz\u00f6sischen Gesetzes \u00fcber geistiges Eigentum bestraft wird.<\/span><\/p>\n<p><strong>HYPERLINKS <\/strong><br \/>Einzelne Seiten d\u00fcrfen nur dann als von dieser Website stammend pr\u00e4sentiert werden, wenn keinerlei sinnver\u00e4ndernde \u00c4nderungen vorgenommen wurden. Der Herausgeber der Website tr\u00e4gt keine Verantwortung f\u00fcr eine eventuelle Einbindung eines Links auf diese Website in Websites, die unerlaubte oder anst\u00f6\u00dfige Inhalte verbreiten (Pornografie, Aufstachelung zu Rassenhass, F\u00f6rderung von Sekten, Hacking usw.). Der Autor \u00fcbernimmt keinerlei Haftung f\u00fcr Hyperlinks, die von der Website \u201etpim.fr\u201c zu anderen Seiten gelegt werden.<\/p>\n<p><strong>HOSTING<\/strong> <br \/>Wir haben uns bei dieser Website f\u00fcr einen Hosting-Anbieter entschieden, dessen Datenzentren in Frankreich liegen und der umweltfreundliche Energie nutzt.\u00a0<br \/>www.planethoster.com<br \/>4416 Louis B. Mayer, Laval (Qu\u00e9bec) H7P 0G1, Canada<br \/>Tel.: +33 805 080 426<\/p>\n<p>[\/et_pb_text][\/et_pb_column][\/et_pb_row][\/et_pb_section][et_pb_section fb_built=&#8220;1&#8243; admin_label=&#8220;Footer btn contact&#8220; _builder_version=&#8220;4.13.1&#8243; _module_preset=&#8220;default&#8220; background_image=&#8220;https:\/\/tpim.fr\/wp-content\/uploads\/2021\/10\/semis-tpim.png&#8220; background_size=&#8220;initial&#8220; background_position=&#8220;top_center&#8220; height=&#8220;148px&#8220; global_module=&#8220;916&#8243; saved_tabs=&#8220;all&#8220; global_colors_info=&#8220;{}&#8220;][et_pb_row custom_padding_last_edited=&#8220;on|phone&#8220; _builder_version=&#8220;4.11.4&#8243; _module_preset=&#8220;default&#8220; custom_padding_tablet=&#8220;0px||||false|false&#8220; custom_padding_phone=&#8220;&#8220; global_colors_info=&#8220;{}&#8220;][et_pb_column type=&#8220;4_4&#8243; _builder_version=&#8220;4.11.4&#8243; _module_preset=&#8220;default&#8220; global_colors_info=&#8220;{}&#8220;][et_pb_button button_url=&#8220;https:\/\/tpim.fr\/de\/kontakt\/&#8220; button_text=&#8220;Kontakt aufnehmen&#8220; button_alignment=&#8220;center&#8220; _builder_version=&#8220;4.13.0&#8243; _module_preset=&#8220;default&#8220; custom_margin=&#8220;2%||2%||true|false&#8220; custom_margin_tablet=&#8220;-1%||-1%||true|false&#8220; custom_margin_phone=&#8220;-2%||-2%||true|false&#8220; custom_margin_last_edited=&#8220;on|tablet&#8220; custom_padding=&#8220;2px|14px|2px|14px|true|true&#8220; global_colors_info=&#8220;{}&#8220;][\/et_pb_button][\/et_pb_column][\/et_pb_row][\/et_pb_section][et_pb_section fb_built=&#8220;1&#8243; admin_label=&#8220;Footer&#8220; _builder_version=&#8220;4.11.4&#8243; _module_preset=&#8220;default&#8220; background_enable_image=&#8220;off&#8220; background_size=&#8220;initial&#8220; background_position=&#8220;top_center&#8220; custom_padding=&#8220;||||false|false&#8220; global_module=&#8220;995&#8243; saved_tabs=&#8220;all&#8220; global_colors_info=&#8220;{}&#8220;][et_pb_row column_structure=&#8220;3_4,1_4&#8243; disabled_on=&#8220;on|on|off&#8220; admin_label=&#8220;Desktop&#8220; _builder_version=&#8220;4.11.4&#8243; _module_preset=&#8220;default&#8220; background_color=&#8220;#FFFFFF&#8220; width=&#8220;100%&#8220; global_colors_info=&#8220;{}&#8220;][et_pb_column type=&#8220;3_4&#8243; _builder_version=&#8220;4.11.4&#8243; _module_preset=&#8220;default&#8220; global_colors_info=&#8220;{}&#8220;][et_pb_menu menu_id=&#8220;8&#8243; active_link_color=&#8220;#4057D7&#8243; admin_label=&#8220;menu desktop&#8220; _builder_version=&#8220;4.13.0&#8243; _module_preset=&#8220;default&#8220; menu_font=&#8220;|600|||||||&#8220; menu_text_color=&#8220;#BCBEC0&#8243; global_colors_info=&#8220;{}&#8220;][\/et_pb_menu][\/et_pb_column][et_pb_column type=&#8220;1_4&#8243; _builder_version=&#8220;4.11.4&#8243; _module_preset=&#8220;default&#8220; global_colors_info=&#8220;{}&#8220;][et_pb_text admin_label=&#8220;LinkedIn&#8220; module_class=&#8220;restons&#8220; _builder_version=&#8220;4.13.0&#8243; _module_preset=&#8220;default&#8220; text_font=&#8220;|800|||||||&#8220; text_text_color=&#8220;#4057D7&#8243; text_font_size=&#8220;18px&#8220; link_option_url=&#8220;https:\/\/www.linkedin.com\/in\/tetra-partners-bruno-ratet&#8220; link_option_url_new_window=&#8220;on&#8220; global_colors_info=&#8220;{}&#8220;]<\/p>\n<p>Bleiben Sie in Verbindung <img loading=\"lazy\" decoding=\"async\" class=\"wp-image-238 alignnone size-full\" src=\"https:\/\/tpim.fr\/wp-content\/uploads\/2021\/10\/logo-linkedIn.png\" alt=\"\" width=\"27\" height=\"27\" \/><\/p>\n<p>[\/et_pb_text][\/et_pb_column][\/et_pb_row][et_pb_row column_structure=&#8220;1_3,1_3,1_3&#8243; disabled_on=&#8220;off|off|on&#8220; admin_label=&#8220;tablette \/ smartphone&#8220; _builder_version=&#8220;4.11.4&#8243; _module_preset=&#8220;default&#8220; custom_margin=&#8220;||||false|false&#8220; custom_padding=&#8220;0px||0px||false|false&#8220; global_colors_info=&#8220;{}&#8220;][et_pb_column type=&#8220;1_3&#8243; _builder_version=&#8220;4.11.4&#8243; _module_preset=&#8220;default&#8220; global_colors_info=&#8220;{}&#8220;][\/et_pb_column][et_pb_column type=&#8220;1_3&#8243; _builder_version=&#8220;4.11.4&#8243; _module_preset=&#8220;default&#8220; global_colors_info=&#8220;{}&#8220;][et_pb_text admin_label=&#8220;menu tablette \/ smartphone&#8220; _builder_version=&#8220;4.13.1&#8243; _module_preset=&#8220;default&#8220; text_font=&#8220;|600|||||||&#8220; text_text_color=&#8220;#BCBEC0&#8243; text_font_size=&#8220;14px&#8220; link_text_color=&#8220;#BCBEC0&#8243; hover_enabled=&#8220;0&#8243; global_colors_info=&#8220;{}&#8220; sticky_enabled=&#8220;0&#8243;]<\/p>\n<p style=\"text-align: center;\">\u00a92021 Tetra Partners<\/p>\n<p style=\"text-align: center;\"><a href=\"https:\/\/tpim.fr\/de\/credits\/\">Copyright<\/a><\/p>\n<p style=\"text-align: center;\"><a href=\"https:\/\/tpim.fr\/de\/impressum\/\">Impressum<\/a><\/p>\n<p style=\"text-align: center;\"><a href=\"https:\/\/tpim.fr\/de\/datenschutzrichtlinie\/\">Datenschutzrichtlinie<\/a><\/p>\n<p>[\/et_pb_text][et_pb_text admin_label=&#8220;LinkedIn&#8220; module_class=&#8220;restons&#8220; _builder_version=&#8220;4.13.0&#8243; _module_preset=&#8220;default&#8220; text_font=&#8220;|800|||||||&#8220; text_text_color=&#8220;#4057D7&#8243; text_font_size=&#8220;18px&#8220; link_option_url=&#8220;https:\/\/www.linkedin.com\/in\/tetra-partners-bruno-ratet&#8220; link_option_url_new_window=&#8220;on&#8220; global_colors_info=&#8220;{}&#8220;]<\/p>\n<p style=\"text-align: center;\">Bleiben Sie in Verbindung <img loading=\"lazy\" decoding=\"async\" class=\"wp-image-238 alignnone size-full\" src=\"https:\/\/tpim.fr\/wp-content\/uploads\/2021\/10\/logo-linkedIn.png\" alt=\"\" width=\"27\" height=\"27\" \/><\/p>\n<p>[\/et_pb_text][\/et_pb_column][et_pb_column type=&#8220;1_3&#8243; _builder_version=&#8220;4.11.4&#8243; _module_preset=&#8220;default&#8220; global_colors_info=&#8220;{}&#8220;][\/et_pb_column][\/et_pb_row][\/et_pb_section]<\/p>\n","protected":false},"excerpt":{"rendered":"<p>Tetra Partners25 B rue Charentais37320 TruyesFrankreich E-mail : tpim@tpim.fr Tel.: +332 47 43 38 47 Herausgeber: Bruno Ratet &nbsp; SARL (GmbH) mit einem Kapital von 100.000 \u20acHREG 489\u00a0037\u00a0242UST.-IDNR FR 27\u00a0489\u00a0037\u00a0242 &nbsp; GEISTIGES EIGENTUM &amp; URHEBERRECHTEDer Inhalt dieser Website ist in Frankreich nach dem franz\u00f6sischen Gesetz \u00fcber geistiges Eigentum und im Ausland durch das g\u00fcltige internationale [&hellip;]<\/p>\n","protected":false},"author":1,"featured_media":0,"parent":0,"menu_order":0,"comment_status":"closed","ping_status":"closed","template":"","meta":{"_et_pb_use_builder":"on","_et_pb_old_content":"","_et_gb_content_width":"","footnotes":""},"class_list":["post-983","page","type-page","status-publish","hentry"],"yoast_head":"<!-- This site is optimized with the Yoast SEO plugin v25.9 - https:\/\/yoast.com\/wordpress\/plugins\/seo\/ -->\n<title>Impressum &#8226; Tetra Partners<\/title>\n<meta name=\"robots\" content=\"noindex, follow\" \/>\n<meta property=\"og:locale\" content=\"de_DE\" \/>\n<meta property=\"og:type\" content=\"article\" \/>\n<meta property=\"og:title\" content=\"Impressum &#8226; Tetra Partners\" \/>\n<meta property=\"og:description\" content=\"Tetra Partners25 B rue Charentais37320 TruyesFrankreich E-mail : tpim@tpim.fr Tel.: +332 47 43 38 47 Herausgeber: Bruno Ratet &nbsp; SARL (GmbH) mit einem Kapital von 100.000 \u20acHREG 489\u00a0037\u00a0242UST.-IDNR FR 27\u00a0489\u00a0037\u00a0242 &nbsp; GEISTIGES EIGENTUM &amp; URHEBERRECHTEDer Inhalt dieser Website ist in Frankreich nach dem franz\u00f6sischen Gesetz \u00fcber geistiges Eigentum und im Ausland durch das g\u00fcltige internationale [&hellip;]\" \/>\n<meta property=\"og:url\" content=\"https:\/\/tpim.fr\/de\/impressum\/\" \/>\n<meta property=\"og:site_name\" content=\"Tetra Partners\" \/>\n<meta property=\"article:modified_time\" content=\"2022-01-14T07:58:20+00:00\" \/>\n<meta property=\"og:image\" content=\"https:\/\/tpim.fr\/wp-content\/uploads\/2021\/10\/logo-linkedIn.png\" \/>\n<meta name=\"twitter:card\" content=\"summary_large_image\" \/>\n<meta name=\"twitter:label1\" content=\"Gesch\u00e4tzte Lesezeit\" \/>\n\t<meta name=\"twitter:data1\" content=\"4\u00a0Minuten\" \/>\n<script type=\"application\/ld+json\" class=\"yoast-schema-graph\">{\"@context\":\"https:\/\/schema.org\",\"@graph\":[{\"@type\":\"WebPage\",\"@id\":\"https:\/\/tpim.fr\/de\/impressum\/\",\"url\":\"https:\/\/tpim.fr\/de\/impressum\/\",\"name\":\"Impressum &#8226; Tetra Partners\",\"isPartOf\":{\"@id\":\"https:\/\/tpim.fr\/de\/#website\"},\"primaryImageOfPage\":{\"@id\":\"https:\/\/tpim.fr\/de\/impressum\/#primaryimage\"},\"image\":{\"@id\":\"https:\/\/tpim.fr\/de\/impressum\/#primaryimage\"},\"thumbnailUrl\":\"https:\/\/tpim.fr\/wp-content\/uploads\/2021\/10\/logo-linkedIn.png\",\"datePublished\":\"2021-10-26T13:09:53+00:00\",\"dateModified\":\"2022-01-14T07:58:20+00:00\",\"breadcrumb\":{\"@id\":\"https:\/\/tpim.fr\/de\/impressum\/#breadcrumb\"},\"inLanguage\":\"de\",\"potentialAction\":[{\"@type\":\"ReadAction\",\"target\":[\"https:\/\/tpim.fr\/de\/impressum\/\"]}]},{\"@type\":\"ImageObject\",\"inLanguage\":\"de\",\"@id\":\"https:\/\/tpim.fr\/de\/impressum\/#primaryimage\",\"url\":\"https:\/\/tpim.fr\/wp-content\/uploads\/2021\/10\/logo-linkedIn.png\",\"contentUrl\":\"https:\/\/tpim.fr\/wp-content\/uploads\/2021\/10\/logo-linkedIn.png\"},{\"@type\":\"BreadcrumbList\",\"@id\":\"https:\/\/tpim.fr\/de\/impressum\/#breadcrumb\",\"itemListElement\":[{\"@type\":\"ListItem\",\"position\":1,\"name\":\"Accueil\",\"item\":\"https:\/\/tpim.fr\/de\/\"},{\"@type\":\"ListItem\",\"position\":2,\"name\":\"Impressum\"}]},{\"@type\":\"WebSite\",\"@id\":\"https:\/\/tpim.fr\/de\/#website\",\"url\":\"https:\/\/tpim.fr\/de\/\",\"name\":\"Tetra Partners\",\"description\":\"\",\"publisher\":{\"@id\":\"https:\/\/tpim.fr\/de\/#organization\"},\"potentialAction\":[{\"@type\":\"SearchAction\",\"target\":{\"@type\":\"EntryPoint\",\"urlTemplate\":\"https:\/\/tpim.fr\/de\/?s={search_term_string}\"},\"query-input\":{\"@type\":\"PropertyValueSpecification\",\"valueRequired\":true,\"valueName\":\"search_term_string\"}}],\"inLanguage\":\"de\"},{\"@type\":\"Organization\",\"@id\":\"https:\/\/tpim.fr\/de\/#organization\",\"name\":\"Tetra Partners\",\"url\":\"https:\/\/tpim.fr\/de\/\",\"logo\":{\"@type\":\"ImageObject\",\"inLanguage\":\"de\",\"@id\":\"https:\/\/tpim.fr\/de\/#\/schema\/logo\/image\/\",\"url\":\"https:\/\/tpim.fr\/wp-content\/uploads\/2021\/10\/logo-Tetra-Partners-Infrastructures-Management.png\",\"contentUrl\":\"https:\/\/tpim.fr\/wp-content\/uploads\/2021\/10\/logo-Tetra-Partners-Infrastructures-Management.png\",\"width\":209,\"height\":86,\"caption\":\"Tetra Partners\"},\"image\":{\"@id\":\"https:\/\/tpim.fr\/de\/#\/schema\/logo\/image\/\"}}]}<\/script>\n<!-- \/ Yoast SEO plugin. -->","yoast_head_json":{"title":"Impressum &#8226; Tetra Partners","robots":{"index":"noindex","follow":"follow"},"og_locale":"de_DE","og_type":"article","og_title":"Impressum &#8226; Tetra Partners","og_description":"Tetra Partners25 B rue Charentais37320 TruyesFrankreich E-mail : tpim@tpim.fr Tel.: +332 47 43 38 47 Herausgeber: Bruno Ratet &nbsp; SARL (GmbH) mit einem Kapital von 100.000 \u20acHREG 489\u00a0037\u00a0242UST.-IDNR FR 27\u00a0489\u00a0037\u00a0242 &nbsp; GEISTIGES EIGENTUM &amp; URHEBERRECHTEDer Inhalt dieser Website ist in Frankreich nach dem franz\u00f6sischen Gesetz \u00fcber geistiges Eigentum und im Ausland durch das g\u00fcltige internationale [&hellip;]","og_url":"https:\/\/tpim.fr\/de\/impressum\/","og_site_name":"Tetra Partners","article_modified_time":"2022-01-14T07:58:20+00:00","og_image":[{"url":"https:\/\/tpim.fr\/wp-content\/uploads\/2021\/10\/logo-linkedIn.png","type":"","width":"","height":""}],"twitter_card":"summary_large_image","twitter_misc":{"Gesch\u00e4tzte Lesezeit":"4\u00a0Minuten"},"schema":{"@context":"https:\/\/schema.org","@graph":[{"@type":"WebPage","@id":"https:\/\/tpim.fr\/de\/impressum\/","url":"https:\/\/tpim.fr\/de\/impressum\/","name":"Impressum &#8226; Tetra Partners","isPartOf":{"@id":"https:\/\/tpim.fr\/de\/#website"},"primaryImageOfPage":{"@id":"https:\/\/tpim.fr\/de\/impressum\/#primaryimage"},"image":{"@id":"https:\/\/tpim.fr\/de\/impressum\/#primaryimage"},"thumbnailUrl":"https:\/\/tpim.fr\/wp-content\/uploads\/2021\/10\/logo-linkedIn.png","datePublished":"2021-10-26T13:09:53+00:00","dateModified":"2022-01-14T07:58:20+00:00","breadcrumb":{"@id":"https:\/\/tpim.fr\/de\/impressum\/#breadcrumb"},"inLanguage":"de","potentialAction":[{"@type":"ReadAction","target":["https:\/\/tpim.fr\/de\/impressum\/"]}]},{"@type":"ImageObject","inLanguage":"de","@id":"https:\/\/tpim.fr\/de\/impressum\/#primaryimage","url":"https:\/\/tpim.fr\/wp-content\/uploads\/2021\/10\/logo-linkedIn.png","contentUrl":"https:\/\/tpim.fr\/wp-content\/uploads\/2021\/10\/logo-linkedIn.png"},{"@type":"BreadcrumbList","@id":"https:\/\/tpim.fr\/de\/impressum\/#breadcrumb","itemListElement":[{"@type":"ListItem","position":1,"name":"Accueil","item":"https:\/\/tpim.fr\/de\/"},{"@type":"ListItem","position":2,"name":"Impressum"}]},{"@type":"WebSite","@id":"https:\/\/tpim.fr\/de\/#website","url":"https:\/\/tpim.fr\/de\/","name":"Tetra Partners","description":"","publisher":{"@id":"https:\/\/tpim.fr\/de\/#organization"},"potentialAction":[{"@type":"SearchAction","target":{"@type":"EntryPoint","urlTemplate":"https:\/\/tpim.fr\/de\/?s={search_term_string}"},"query-input":{"@type":"PropertyValueSpecification","valueRequired":true,"valueName":"search_term_string"}}],"inLanguage":"de"},{"@type":"Organization","@id":"https:\/\/tpim.fr\/de\/#organization","name":"Tetra Partners","url":"https:\/\/tpim.fr\/de\/","logo":{"@type":"ImageObject","inLanguage":"de","@id":"https:\/\/tpim.fr\/de\/#\/schema\/logo\/image\/","url":"https:\/\/tpim.fr\/wp-content\/uploads\/2021\/10\/logo-Tetra-Partners-Infrastructures-Management.png","contentUrl":"https:\/\/tpim.fr\/wp-content\/uploads\/2021\/10\/logo-Tetra-Partners-Infrastructures-Management.png","width":209,"height":86,"caption":"Tetra Partners"},"image":{"@id":"https:\/\/tpim.fr\/de\/#\/schema\/logo\/image\/"}}]}},"_links":{"self":[{"href":"https:\/\/tpim.fr\/de\/wp-json\/wp\/v2\/pages\/983","targetHints":{"allow":["GET"]}}],"collection":[{"href":"https:\/\/tpim.fr\/de\/wp-json\/wp\/v2\/pages"}],"about":[{"href":"https:\/\/tpim.fr\/de\/wp-json\/wp\/v2\/types\/page"}],"author":[{"embeddable":true,"href":"https:\/\/tpim.fr\/de\/wp-json\/wp\/v2\/users\/1"}],"replies":[{"embeddable":true,"href":"https:\/\/tpim.fr\/de\/wp-json\/wp\/v2\/comments?post=983"}],"version-history":[{"count":9,"href":"https:\/\/tpim.fr\/de\/wp-json\/wp\/v2\/pages\/983\/revisions"}],"predecessor-version":[{"id":1262,"href":"https:\/\/tpim.fr\/de\/wp-json\/wp\/v2\/pages\/983\/revisions\/1262"}],"wp:attachment":[{"href":"https:\/\/tpim.fr\/de\/wp-json\/wp\/v2\/media?parent=983"}],"curies":[{"name":"wp","href":"https:\/\/api.w.org\/{rel}","templated":true}]}}