{"id":987,"date":"2021-10-26T14:14:53","date_gmt":"2021-10-26T12:14:53","guid":{"rendered":"https:\/\/tpim.fr\/politique-de-confidentialite\/"},"modified":"2022-01-14T09:01:12","modified_gmt":"2022-01-14T08:01:12","slug":"datenschutzrichtlinie","status":"publish","type":"page","link":"https:\/\/tpim.fr\/de\/datenschutzrichtlinie\/","title":{"rendered":"Datenschutzrichtlinie"},"content":{"rendered":"<p>[et_pb_section fb_built=&#8220;1&#8243; fullwidth=&#8220;on&#8220; _builder_version=&#8220;4.11.4&#8243; _module_preset=&#8220;default&#8220; locked=&#8220;on&#8220; global_colors_info=&#8220;{}&#8220; collapsed=&#8220;on&#8220;][et_pb_fullwidth_header title=&#8220;Datenschutzbestimmungen&#8220; _builder_version=&#8220;4.13.1&#8243; _module_preset=&#8220;default&#8220; title_font=&#8220;|800||on|||||&#8220; title_text_align=&#8220;center&#8220; title_text_color=&#8220;#FFFFFF&#8220; title_font_size=&#8220;36px&#8220; subhead_font=&#8220;|800||on|||||&#8220; subhead_text_align=&#8220;center&#8220; subhead_font_size=&#8220;36px&#8220; background_image=&#8220;https:\/\/tpim.fr\/wp-content\/uploads\/2021\/10\/bg-titres.jpg&#8220; background_size=&#8220;initial&#8220; background_position=&#8220;top_center&#8220; global_colors_info=&#8220;{}&#8220;][\/et_pb_fullwidth_header][\/et_pb_section][et_pb_section fb_built=&#8220;1&#8243; _builder_version=&#8220;4.11.4&#8243; _module_preset=&#8220;default&#8220; background_color=&#8220;RGBA(0,0,0,0)&#8220; background_enable_image=&#8220;off&#8220; background_size=&#8220;initial&#8220; background_position=&#8220;bottom_right&#8220; custom_margin=&#8220;||||false|false&#8220; custom_padding=&#8220;0px||50px||false|false&#8220; global_colors_info=&#8220;{}&#8220;][et_pb_row _builder_version=&#8220;4.11.4&#8243; _module_preset=&#8220;default&#8220; global_colors_info=&#8220;{}&#8220;][et_pb_column type=&#8220;4_4&#8243; _builder_version=&#8220;4.11.4&#8243; _module_preset=&#8220;default&#8220; global_colors_info=&#8220;{}&#8220;][et_pb_text _builder_version=&#8220;4.13.1&#8243; _module_preset=&#8220;default&#8220; text_font=&#8220;||||||||&#8220; text_text_color=&#8220;#493E40&#8243; text_font_size=&#8220;21px&#8220; custom_padding=&#8220;20px||||false|false&#8220; global_colors_info=&#8220;{}&#8220;]<\/p>\n<h4><strong>Nutzung der gesammelten personenbezogenen Daten<\/strong><\/h4>\n<p>&nbsp;<\/p>\n<h5><strong>Kontaktformulare<\/strong><\/h5>\n<p><span>Die im Formular erfassten Pflichtangaben werden vom Empf\u00e4nger der Nachricht einzig mit dem Ziel genutzt, die Anfrage zu bearbeiten. Die Daten werden nicht archiviert.<\/span><\/p>\n<p>&nbsp;<\/p>\n<h5><strong>Cookies<\/strong><\/h5>\n<p><span>Diese Website verwendet Cookies, um Ihr Surfverhalten im Internet zu analysieren und die Gesamtnutzung der Website zu messen. Mit dem weiteren Verbleib auf unserer Website erkl\u00e4ren Sie sich mit der Verwendung von Cookies einverstanden.<\/span><\/p>\n<p>&nbsp;<\/p>\n<p><span>Cookies erlauben:<\/span><\/p>\n<p><span>\u2013 die (anonyme) Messung des Traffics sowie die Erstellung von Statistiken zur Analyse und Verbesserung des Inhalts der Website,<\/span><\/p>\n<p><span>\u2013 den Zugriff auf alle Funktionen und erleichtern dem Besucher der Website so die Navigation. Wenn Sie Cookies ablehnen, werden bestimmte Seiten der Website m\u00f6glicherweise nicht korrekt angezeigt.<\/span><\/p>\n<p>&nbsp;<\/p>\n<p><span>Sie k\u00f6nnen die auf Ihren Ger\u00e4ten abgelegten Cookie l\u00f6schen, indem Sie den Verlauf in Ihrem Browser teilweise oder vollst\u00e4ndig bereinigen. In der Konfiguration Ihres Browsers k\u00f6nnen Sie die Nutzung von Cookies erlauben oder verbieten. N\u00e4here Angaben zur entsprechenden Vorgehensweise finden Sie in der \u201eHilfe\u201c-Rubrik Ihres Browsers. <\/span><\/p>\n<p>&nbsp;<\/p>\n<h5><strong>Integrierte Inhalte anderer Websites<\/strong><\/h5>\n<p><span>Die auf dieser Website angebotenen Artikel k\u00f6nnen integrierte Inhalte umfassen (zum Beispiel Videos, Bilder, Artikel&#8230;). Das Verhalten dieser integrierten Inhalte anderer Websites entspricht dem Verhalten, das sie zeigen w\u00fcrden, wenn Sie diese andere Website besucht h\u00e4tten. Die betreffenden Websites k\u00f6nnen m\u00f6glicherweise Daten \u00fcber Sie sammeln, Cookies verwenden, Trackingtools von Drittanbietern einbinden und Ihre Interaktionen mit diesen integrierten Inhalten verfolgen, wenn Sie auf der zugeh\u00f6rigen Website \u00fcber ein Benutzerkonto verf\u00fcgen und angemeldet sind.<\/span><\/p>\n<p>&nbsp;<\/p>\n<h5><strong>Statistiken und Messung der Besucherzahlen<\/strong><\/h5>\n<p>Der Hosting-Anbieter dieser Website sammelt anonym statistische Daten. N\u00e4here Informationen entnehmen Sie bitte den <a href=\"https:\/\/www.planethoster.com\/fr\/Politique-Vie-Privee\">Datenschutzbestimmungen<\/a> von Planet Hoster.<\/p>\n<p>&nbsp;<\/p>\n<h5><strong>Nutzung und Weitergabe personenbezogener Daten<\/strong><\/h5>\n<p><span>Die Daten werden unter keinen Umst\u00e4nden an Dritte weitergegeben.<\/span><\/p>\n<p>&nbsp;<\/p>\n<h5><strong>Speicherdauer Ihrer Daten<\/strong><\/h5>\n<p><span>Die Daten werden f\u00fcr die gesetzliche Aufbewahrungsdauer gespeichert.<\/span><\/p>\n<p>&nbsp;<\/p>\n<h5><strong>Ihre Rechte bez\u00fcglich personenbezogenen Daten<\/strong><\/h5>\n<p><span>Sie k\u00f6nnen per E-Mail oder per Anfrage auf dem Postweg verlangen, dass Ihre personenbezogenen Daten gel\u00f6scht werden. In dieser Hinsicht ausgenommen sind Daten, die zu Verwaltungszwecken, aus rechtlichen Gr\u00fcnden oder aus Sicherheitsgr\u00fcnden gespeichert werden.<\/span><\/p>\n<p><span>TETRA PARTNERS, 25 bis rue Charentais, 37320 Truyes, Frankreich \u2013 <a href=\"mailto:tpim@tpim.fr\">tpim@tpim.fr<\/a><\/span><\/p>\n<p>&nbsp;<\/p>\n<h5><strong>Kontaktdaten<\/strong><\/h5>\n<p><span>Die im Kontaktformular erfassten Pflichtangaben werden vom Empf\u00e4nger der Nachricht einzig mit dem Ziel genutzt, die Anfrage zu bearbeiten. Die Daten werden nicht archiviert.<\/span><\/p>\n<p>[\/et_pb_text][\/et_pb_column][\/et_pb_row][\/et_pb_section][et_pb_section fb_built=&#8220;1&#8243; admin_label=&#8220;Footer btn contact&#8220; _builder_version=&#8220;4.13.1&#8243; _module_preset=&#8220;default&#8220; background_image=&#8220;https:\/\/tpim.fr\/wp-content\/uploads\/2021\/10\/semis-tpim.png&#8220; background_size=&#8220;initial&#8220; background_position=&#8220;top_center&#8220; height=&#8220;148px&#8220; global_module=&#8220;916&#8243; saved_tabs=&#8220;all&#8220; global_colors_info=&#8220;{}&#8220; collapsed=&#8220;on&#8220;][et_pb_row custom_padding_last_edited=&#8220;on|phone&#8220; _builder_version=&#8220;4.11.4&#8243; _module_preset=&#8220;default&#8220; custom_padding_tablet=&#8220;0px||||false|false&#8220; custom_padding_phone=&#8220;&#8220; global_colors_info=&#8220;{}&#8220;][et_pb_column type=&#8220;4_4&#8243; _builder_version=&#8220;4.11.4&#8243; _module_preset=&#8220;default&#8220; global_colors_info=&#8220;{}&#8220;][et_pb_button button_url=&#8220;https:\/\/tpim.fr\/de\/kontakt\/&#8220; button_text=&#8220;Kontakt aufnehmen&#8220; button_alignment=&#8220;center&#8220; _builder_version=&#8220;4.13.0&#8243; _module_preset=&#8220;default&#8220; custom_margin=&#8220;2%||2%||true|false&#8220; custom_margin_tablet=&#8220;-1%||-1%||true|false&#8220; custom_margin_phone=&#8220;-2%||-2%||true|false&#8220; custom_margin_last_edited=&#8220;on|tablet&#8220; custom_padding=&#8220;2px|14px|2px|14px|true|true&#8220; global_colors_info=&#8220;{}&#8220;][\/et_pb_button][\/et_pb_column][\/et_pb_row][\/et_pb_section][et_pb_section fb_built=&#8220;1&#8243; admin_label=&#8220;Footer&#8220; _builder_version=&#8220;4.11.4&#8243; _module_preset=&#8220;default&#8220; background_enable_image=&#8220;off&#8220; background_size=&#8220;initial&#8220; background_position=&#8220;top_center&#8220; custom_padding=&#8220;||||false|false&#8220; global_module=&#8220;995&#8243; saved_tabs=&#8220;all&#8220; global_colors_info=&#8220;{}&#8220; collapsed=&#8220;on&#8220;][et_pb_row column_structure=&#8220;3_4,1_4&#8243; disabled_on=&#8220;on|on|off&#8220; admin_label=&#8220;Desktop&#8220; _builder_version=&#8220;4.11.4&#8243; _module_preset=&#8220;default&#8220; background_color=&#8220;#FFFFFF&#8220; width=&#8220;100%&#8220; global_colors_info=&#8220;{}&#8220;][et_pb_column type=&#8220;3_4&#8243; _builder_version=&#8220;4.11.4&#8243; _module_preset=&#8220;default&#8220; global_colors_info=&#8220;{}&#8220;][et_pb_menu menu_id=&#8220;8&#8243; active_link_color=&#8220;#4057D7&#8243; admin_label=&#8220;menu desktop&#8220; _builder_version=&#8220;4.13.0&#8243; _module_preset=&#8220;default&#8220; menu_font=&#8220;|600|||||||&#8220; menu_text_color=&#8220;#BCBEC0&#8243; global_colors_info=&#8220;{}&#8220;][\/et_pb_menu][\/et_pb_column][et_pb_column type=&#8220;1_4&#8243; _builder_version=&#8220;4.11.4&#8243; _module_preset=&#8220;default&#8220; global_colors_info=&#8220;{}&#8220;][et_pb_text admin_label=&#8220;LinkedIn&#8220; module_class=&#8220;restons&#8220; _builder_version=&#8220;4.13.0&#8243; _module_preset=&#8220;default&#8220; text_font=&#8220;|800|||||||&#8220; text_text_color=&#8220;#4057D7&#8243; text_font_size=&#8220;18px&#8220; link_option_url=&#8220;https:\/\/www.linkedin.com\/in\/tetra-partners-bruno-ratet&#8220; link_option_url_new_window=&#8220;on&#8220; global_colors_info=&#8220;{}&#8220;]<\/p>\n<p>Bleiben Sie in Verbindung <img loading=\"lazy\" decoding=\"async\" class=\"wp-image-238 alignnone size-full\" src=\"https:\/\/tpim.fr\/wp-content\/uploads\/2021\/10\/logo-linkedIn.png\" alt=\"\" width=\"27\" height=\"27\" \/><\/p>\n<p>[\/et_pb_text][\/et_pb_column][\/et_pb_row][et_pb_row column_structure=&#8220;1_3,1_3,1_3&#8243; disabled_on=&#8220;off|off|on&#8220; admin_label=&#8220;tablette \/ smartphone&#8220; _builder_version=&#8220;4.11.4&#8243; _module_preset=&#8220;default&#8220; custom_margin=&#8220;||||false|false&#8220; custom_padding=&#8220;0px||0px||false|false&#8220; global_colors_info=&#8220;{}&#8220;][et_pb_column type=&#8220;1_3&#8243; _builder_version=&#8220;4.11.4&#8243; _module_preset=&#8220;default&#8220; global_colors_info=&#8220;{}&#8220;][\/et_pb_column][et_pb_column type=&#8220;1_3&#8243; _builder_version=&#8220;4.11.4&#8243; _module_preset=&#8220;default&#8220; global_colors_info=&#8220;{}&#8220;][et_pb_text admin_label=&#8220;menu tablette \/ smartphone&#8220; _builder_version=&#8220;4.13.1&#8243; _module_preset=&#8220;default&#8220; text_font=&#8220;|600|||||||&#8220; text_text_color=&#8220;#BCBEC0&#8243; text_font_size=&#8220;14px&#8220; link_text_color=&#8220;#BCBEC0&#8243; global_colors_info=&#8220;{}&#8220;]<\/p>\n<p style=\"text-align: center;\">\u00a92021 Tetra Partners<\/p>\n<p style=\"text-align: center;\"><a href=\"https:\/\/tpim.fr\/de\/credits\/\">Copyright<\/a><\/p>\n<p style=\"text-align: center;\"><a href=\"https:\/\/tpim.fr\/de\/impressum\/\">Impressum<\/a><\/p>\n<p style=\"text-align: center;\"><a href=\"https:\/\/tpim.fr\/de\/datenschutzrichtlinie\/\">Datenschutzrichtlinie<\/a><\/p>\n<p>[\/et_pb_text][et_pb_text admin_label=&#8220;LinkedIn&#8220; module_class=&#8220;restons&#8220; _builder_version=&#8220;4.13.0&#8243; _module_preset=&#8220;default&#8220; text_font=&#8220;|800|||||||&#8220; text_text_color=&#8220;#4057D7&#8243; text_font_size=&#8220;18px&#8220; link_option_url=&#8220;https:\/\/www.linkedin.com\/in\/tetra-partners-bruno-ratet&#8220; link_option_url_new_window=&#8220;on&#8220; global_colors_info=&#8220;{}&#8220;]<\/p>\n<p style=\"text-align: center;\">Bleiben Sie in Verbindung <img loading=\"lazy\" decoding=\"async\" class=\"wp-image-238 alignnone size-full\" src=\"https:\/\/tpim.fr\/wp-content\/uploads\/2021\/10\/logo-linkedIn.png\" alt=\"\" width=\"27\" height=\"27\" \/><\/p>\n<p>[\/et_pb_text][\/et_pb_column][et_pb_column type=&#8220;1_3&#8243; _builder_version=&#8220;4.11.4&#8243; _module_preset=&#8220;default&#8220; global_colors_info=&#8220;{}&#8220;][\/et_pb_column][\/et_pb_row][\/et_pb_section]<\/p>\n","protected":false},"excerpt":{"rendered":"<p>Nutzung der gesammelten personenbezogenen Daten &nbsp; Kontaktformulare Die im Formular erfassten Pflichtangaben werden vom Empf\u00e4nger der Nachricht einzig mit dem Ziel genutzt, die Anfrage zu bearbeiten. Die Daten werden nicht archiviert. &nbsp; Cookies Diese Website verwendet Cookies, um Ihr Surfverhalten im Internet zu analysieren und die Gesamtnutzung der Website zu messen. Mit dem weiteren Verbleib [&hellip;]<\/p>\n","protected":false},"author":1,"featured_media":0,"parent":0,"menu_order":0,"comment_status":"closed","ping_status":"closed","template":"","meta":{"_et_pb_use_builder":"on","_et_pb_old_content":"","_et_gb_content_width":"","footnotes":""},"class_list":["post-987","page","type-page","status-publish","hentry"],"yoast_head":"<!-- This site is optimized with the Yoast SEO plugin v25.9 - https:\/\/yoast.com\/wordpress\/plugins\/seo\/ -->\n<title>Datenschutzrichtlinie &#8226; Tetra Partners<\/title>\n<meta name=\"robots\" content=\"noindex, follow\" \/>\n<meta property=\"og:locale\" content=\"de_DE\" \/>\n<meta property=\"og:type\" content=\"article\" \/>\n<meta property=\"og:title\" content=\"Datenschutzrichtlinie &#8226; Tetra Partners\" \/>\n<meta property=\"og:description\" content=\"Nutzung der gesammelten personenbezogenen Daten &nbsp; Kontaktformulare Die im Formular erfassten Pflichtangaben werden vom Empf\u00e4nger der Nachricht einzig mit dem Ziel genutzt, die Anfrage zu bearbeiten. Die Daten werden nicht archiviert. &nbsp; Cookies Diese Website verwendet Cookies, um Ihr Surfverhalten im Internet zu analysieren und die Gesamtnutzung der Website zu messen. Mit dem weiteren Verbleib [&hellip;]\" \/>\n<meta property=\"og:url\" content=\"https:\/\/tpim.fr\/de\/datenschutzrichtlinie\/\" \/>\n<meta property=\"og:site_name\" content=\"Tetra Partners\" \/>\n<meta property=\"article:modified_time\" content=\"2022-01-14T08:01:12+00:00\" \/>\n<meta property=\"og:image\" content=\"https:\/\/tpim.fr\/wp-content\/uploads\/2021\/10\/logo-linkedIn.png\" \/>\n<meta name=\"twitter:card\" content=\"summary_large_image\" \/>\n<meta name=\"twitter:label1\" content=\"Gesch\u00e4tzte Lesezeit\" \/>\n\t<meta name=\"twitter:data1\" content=\"3\u00a0Minuten\" \/>\n<script type=\"application\/ld+json\" class=\"yoast-schema-graph\">{\"@context\":\"https:\/\/schema.org\",\"@graph\":[{\"@type\":\"WebPage\",\"@id\":\"https:\/\/tpim.fr\/de\/datenschutzrichtlinie\/\",\"url\":\"https:\/\/tpim.fr\/de\/datenschutzrichtlinie\/\",\"name\":\"Datenschutzrichtlinie &#8226; Tetra Partners\",\"isPartOf\":{\"@id\":\"https:\/\/tpim.fr\/de\/#website\"},\"primaryImageOfPage\":{\"@id\":\"https:\/\/tpim.fr\/de\/datenschutzrichtlinie\/#primaryimage\"},\"image\":{\"@id\":\"https:\/\/tpim.fr\/de\/datenschutzrichtlinie\/#primaryimage\"},\"thumbnailUrl\":\"https:\/\/tpim.fr\/wp-content\/uploads\/2021\/10\/logo-linkedIn.png\",\"datePublished\":\"2021-10-26T12:14:53+00:00\",\"dateModified\":\"2022-01-14T08:01:12+00:00\",\"breadcrumb\":{\"@id\":\"https:\/\/tpim.fr\/de\/datenschutzrichtlinie\/#breadcrumb\"},\"inLanguage\":\"de\",\"potentialAction\":[{\"@type\":\"ReadAction\",\"target\":[\"https:\/\/tpim.fr\/de\/datenschutzrichtlinie\/\"]}]},{\"@type\":\"ImageObject\",\"inLanguage\":\"de\",\"@id\":\"https:\/\/tpim.fr\/de\/datenschutzrichtlinie\/#primaryimage\",\"url\":\"https:\/\/tpim.fr\/wp-content\/uploads\/2021\/10\/logo-linkedIn.png\",\"contentUrl\":\"https:\/\/tpim.fr\/wp-content\/uploads\/2021\/10\/logo-linkedIn.png\"},{\"@type\":\"BreadcrumbList\",\"@id\":\"https:\/\/tpim.fr\/de\/datenschutzrichtlinie\/#breadcrumb\",\"itemListElement\":[{\"@type\":\"ListItem\",\"position\":1,\"name\":\"Accueil\",\"item\":\"https:\/\/tpim.fr\/de\/\"},{\"@type\":\"ListItem\",\"position\":2,\"name\":\"Datenschutzrichtlinie\"}]},{\"@type\":\"WebSite\",\"@id\":\"https:\/\/tpim.fr\/de\/#website\",\"url\":\"https:\/\/tpim.fr\/de\/\",\"name\":\"Tetra Partners\",\"description\":\"\",\"publisher\":{\"@id\":\"https:\/\/tpim.fr\/de\/#organization\"},\"potentialAction\":[{\"@type\":\"SearchAction\",\"target\":{\"@type\":\"EntryPoint\",\"urlTemplate\":\"https:\/\/tpim.fr\/de\/?s={search_term_string}\"},\"query-input\":{\"@type\":\"PropertyValueSpecification\",\"valueRequired\":true,\"valueName\":\"search_term_string\"}}],\"inLanguage\":\"de\"},{\"@type\":\"Organization\",\"@id\":\"https:\/\/tpim.fr\/de\/#organization\",\"name\":\"Tetra Partners\",\"url\":\"https:\/\/tpim.fr\/de\/\",\"logo\":{\"@type\":\"ImageObject\",\"inLanguage\":\"de\",\"@id\":\"https:\/\/tpim.fr\/de\/#\/schema\/logo\/image\/\",\"url\":\"https:\/\/tpim.fr\/wp-content\/uploads\/2021\/10\/logo-Tetra-Partners-Infrastructures-Management.png\",\"contentUrl\":\"https:\/\/tpim.fr\/wp-content\/uploads\/2021\/10\/logo-Tetra-Partners-Infrastructures-Management.png\",\"width\":209,\"height\":86,\"caption\":\"Tetra Partners\"},\"image\":{\"@id\":\"https:\/\/tpim.fr\/de\/#\/schema\/logo\/image\/\"}}]}<\/script>\n<!-- \/ Yoast SEO plugin. -->","yoast_head_json":{"title":"Datenschutzrichtlinie &#8226; Tetra Partners","robots":{"index":"noindex","follow":"follow"},"og_locale":"de_DE","og_type":"article","og_title":"Datenschutzrichtlinie &#8226; Tetra Partners","og_description":"Nutzung der gesammelten personenbezogenen Daten &nbsp; Kontaktformulare Die im Formular erfassten Pflichtangaben werden vom Empf\u00e4nger der Nachricht einzig mit dem Ziel genutzt, die Anfrage zu bearbeiten. Die Daten werden nicht archiviert. &nbsp; Cookies Diese Website verwendet Cookies, um Ihr Surfverhalten im Internet zu analysieren und die Gesamtnutzung der Website zu messen. Mit dem weiteren Verbleib [&hellip;]","og_url":"https:\/\/tpim.fr\/de\/datenschutzrichtlinie\/","og_site_name":"Tetra Partners","article_modified_time":"2022-01-14T08:01:12+00:00","og_image":[{"url":"https:\/\/tpim.fr\/wp-content\/uploads\/2021\/10\/logo-linkedIn.png","type":"","width":"","height":""}],"twitter_card":"summary_large_image","twitter_misc":{"Gesch\u00e4tzte Lesezeit":"3\u00a0Minuten"},"schema":{"@context":"https:\/\/schema.org","@graph":[{"@type":"WebPage","@id":"https:\/\/tpim.fr\/de\/datenschutzrichtlinie\/","url":"https:\/\/tpim.fr\/de\/datenschutzrichtlinie\/","name":"Datenschutzrichtlinie &#8226; Tetra Partners","isPartOf":{"@id":"https:\/\/tpim.fr\/de\/#website"},"primaryImageOfPage":{"@id":"https:\/\/tpim.fr\/de\/datenschutzrichtlinie\/#primaryimage"},"image":{"@id":"https:\/\/tpim.fr\/de\/datenschutzrichtlinie\/#primaryimage"},"thumbnailUrl":"https:\/\/tpim.fr\/wp-content\/uploads\/2021\/10\/logo-linkedIn.png","datePublished":"2021-10-26T12:14:53+00:00","dateModified":"2022-01-14T08:01:12+00:00","breadcrumb":{"@id":"https:\/\/tpim.fr\/de\/datenschutzrichtlinie\/#breadcrumb"},"inLanguage":"de","potentialAction":[{"@type":"ReadAction","target":["https:\/\/tpim.fr\/de\/datenschutzrichtlinie\/"]}]},{"@type":"ImageObject","inLanguage":"de","@id":"https:\/\/tpim.fr\/de\/datenschutzrichtlinie\/#primaryimage","url":"https:\/\/tpim.fr\/wp-content\/uploads\/2021\/10\/logo-linkedIn.png","contentUrl":"https:\/\/tpim.fr\/wp-content\/uploads\/2021\/10\/logo-linkedIn.png"},{"@type":"BreadcrumbList","@id":"https:\/\/tpim.fr\/de\/datenschutzrichtlinie\/#breadcrumb","itemListElement":[{"@type":"ListItem","position":1,"name":"Accueil","item":"https:\/\/tpim.fr\/de\/"},{"@type":"ListItem","position":2,"name":"Datenschutzrichtlinie"}]},{"@type":"WebSite","@id":"https:\/\/tpim.fr\/de\/#website","url":"https:\/\/tpim.fr\/de\/","name":"Tetra Partners","description":"","publisher":{"@id":"https:\/\/tpim.fr\/de\/#organization"},"potentialAction":[{"@type":"SearchAction","target":{"@type":"EntryPoint","urlTemplate":"https:\/\/tpim.fr\/de\/?s={search_term_string}"},"query-input":{"@type":"PropertyValueSpecification","valueRequired":true,"valueName":"search_term_string"}}],"inLanguage":"de"},{"@type":"Organization","@id":"https:\/\/tpim.fr\/de\/#organization","name":"Tetra Partners","url":"https:\/\/tpim.fr\/de\/","logo":{"@type":"ImageObject","inLanguage":"de","@id":"https:\/\/tpim.fr\/de\/#\/schema\/logo\/image\/","url":"https:\/\/tpim.fr\/wp-content\/uploads\/2021\/10\/logo-Tetra-Partners-Infrastructures-Management.png","contentUrl":"https:\/\/tpim.fr\/wp-content\/uploads\/2021\/10\/logo-Tetra-Partners-Infrastructures-Management.png","width":209,"height":86,"caption":"Tetra Partners"},"image":{"@id":"https:\/\/tpim.fr\/de\/#\/schema\/logo\/image\/"}}]}},"_links":{"self":[{"href":"https:\/\/tpim.fr\/de\/wp-json\/wp\/v2\/pages\/987","targetHints":{"allow":["GET"]}}],"collection":[{"href":"https:\/\/tpim.fr\/de\/wp-json\/wp\/v2\/pages"}],"about":[{"href":"https:\/\/tpim.fr\/de\/wp-json\/wp\/v2\/types\/page"}],"author":[{"embeddable":true,"href":"https:\/\/tpim.fr\/de\/wp-json\/wp\/v2\/users\/1"}],"replies":[{"embeddable":true,"href":"https:\/\/tpim.fr\/de\/wp-json\/wp\/v2\/comments?post=987"}],"version-history":[{"count":8,"href":"https:\/\/tpim.fr\/de\/wp-json\/wp\/v2\/pages\/987\/revisions"}],"predecessor-version":[{"id":1274,"href":"https:\/\/tpim.fr\/de\/wp-json\/wp\/v2\/pages\/987\/revisions\/1274"}],"wp:attachment":[{"href":"https:\/\/tpim.fr\/de\/wp-json\/wp\/v2\/media?parent=987"}],"curies":[{"name":"wp","href":"https:\/\/api.w.org\/{rel}","templated":true}]}}